{"id":7571,"date":"2024-05-22T10:30:33","date_gmt":"2024-05-22T09:30:33","guid":{"rendered":"https:\/\/www.jgingenieros.es\/?page_id=7571"},"modified":"2025-10-21T10:27:49","modified_gmt":"2025-10-21T09:27:49","slug":"consulting-area","status":"publish","type":"page","link":"https:\/\/www.jgingenieros.es\/en\/consulting-area\/","title":{"rendered":"Consulting Area"},"content":{"rendered":"<div class=\"wpb-content-wrapper\"><p>[vc_row bg_type=&#8221;image&#8221; parallax_style=&#8221;vcpb-default&#8221; bg_image_new=&#8221;id^3063|url^https:\/\/www.jgingenieros.es\/wp-content\/uploads\/2021\/05\/Consultoria_Edificacion.jpg|caption^JG Ingenieros, especializado en ingenier\u00eda de la edificaci\u00f3n.|alt^null|title^Consultor\u00eda Edificaci\u00f3n|description^null&#8221; bg_image_repeat=&#8221;no-repeat&#8221; bg_override=&#8221;ex-full&#8221; enable_overlay=&#8221;enable_overlay_value&#8221; overlay_color=&#8221;rgba(0,0,0,0.5)&#8221; css=&#8221;.vc_custom_1708518283437{padding-top: 200px !important;padding-bottom: 50px !important;}&#8221; el_class=&#8221;align-center-mobile&#8221;][vc_column css_animation=&#8221;fadeInUp&#8221;][vc_custom_heading text=&#8221;Consulting Area&#8221; font_container=&#8221;tag:h1|text_align:center|color:%23ffffff&#8221; use_theme_fonts=&#8221;yes&#8221;]<div class=\"ult-spacer spacer-69f48f435e4d7\" data-id=\"69f48f435e4d7\" data-height=\"80\" data-height-mobile=\"60\" data-height-tab=\"\" data-height-tab-portrait=\"\" data-height-mobile-landscape=\"60\" style=\"clear:both;display:block;\"><\/div>[\/vc_column][\/vc_row][vc_row full_width=&#8221;stretch_row_content&#8221; css_animation=&#8221;fadeInDown&#8221; css=&#8221;.vc_custom_1617638106980{padding-top: 60px !important;padding-bottom: 60px !important;}&#8221; el_class=&#8221;absolute-element&#8221;][vc_column]<div id=\"ultimate-heading-863569f48f435e50c\" class=\"uvc-heading ult-adjust-bottom-margin ultimate-heading-863569f48f435e50c uvc-3268 \" data-hspacer=\"line_only\"  data-halign=\"center\" style=\"text-align:center\"><div class=\"uvc-heading-spacer line_only\" style=\"topheight:80px;\"><span class=\"uvc-headings-line\" style=\"border-style:solid;border-bottom-width:80px;border-color:#0a0a0a;width:1px;\"><\/span><\/div><\/div>[\/vc_column][\/vc_row][vc_section css_animation=&#8221;fadeInUp&#8221;][vc_row css_animation=&#8221;none&#8221;][vc_column width=&#8221;1\/6&#8243;][\/vc_column][vc_column width=&#8221;2\/3&#8243;][vc_column_text]The process of conceptualization, definition, execution and operation of a building is complex. It faces growing user demands, adapting to technological advances, optimizing energy resources and minimizing costs. To ensure success, it is essential to get the initial concepts right.[\/vc_column_text][vc_empty_space height=&#8221;60px&#8221;][\/vc_column][vc_column width=&#8221;1\/6&#8243;][\/vc_column][\/vc_row][\/vc_section][vc_section css_animation=&#8221;none&#8221;][vc_row css_animation=&#8221;fadeInUp&#8221; bg_type=&#8221;bg_color&#8221; bg_override=&#8221;ex-full&#8221; bg_color_value=&#8221;rgba(0,0,0,0.06)&#8221;][vc_column]<div class=\"ult-spacer spacer-69f48f435e537\" data-id=\"69f48f435e537\" data-height=\"80\" data-height-mobile=\"60\" data-height-tab=\"60\" data-height-tab-portrait=\"60\" data-height-mobile-landscape=\"60\" style=\"clear:both;display:block;\"><\/div>[vc_row_inner][vc_column_inner width=&#8221;1\/6&#8243;][vc_empty_space height=&#8221;40px&#8221;][\/vc_column_inner][vc_column_inner width=&#8221;2\/3&#8243;][vc_custom_heading text=&#8221;Services&#8221; font_container=&#8221;tag:h3|text_align:center|color:%23000000&#8243; use_theme_fonts=&#8221;yes&#8221; css_animation=&#8221;none&#8221;][vc_column_text]JG Ingenieros offers specialized technical consulting services that address complementary aspects to the architectural ones from the initial phase of the construction process.[\/vc_column_text][vc_empty_space height=&#8221;20px&#8221;][\/vc_column_inner][vc_column_inner width=&#8221;1\/6&#8243;][\/vc_column_inner][\/vc_row_inner][vc_row_inner][vc_column_inner width=&#8221;1\/6&#8243;]<div class=\"aio-icon-component   align-icontop-center style_2\"><a class=\"aio-icon-box-link\" href=\"https:\/\/www.jgingenieros.es\/sostenibilidad\/\" ><div id=\"Info-box-wrap-2197\" class=\"aio-icon-box top-icon\" style=\"\"  ><div class=\"aio-icon-top\"><div class=\"ult-just-icon-wrapper  \"><div class=\"align-icon\" style=\"text-align:center;\">\n<div class=\"aio-icon-img \" style=\"font-size:65px;display:inline-block;\" >\n\t<img decoding=\"async\" class=\"img-icon\" alt=\"null\" src=\"https:\/\/www.jgingenieros.es\/wp-content\/uploads\/2024\/02\/certifications-award-1.png\"\/>\n<\/div><\/div><\/div><\/div><div class=\"aio-icon-header\" ><h3 class=\"aio-icon-title ult-responsive\"  data-ultimate-target='#Info-box-wrap-2197 .aio-icon-title'  data-responsive-json-new='{\"font-size\":\"desktop:17px;\",\"line-height\":\"\"}'  style=\"font-family:&#039;Lato&#039;;font-weight:700;color:#000000;\">Sustainability Certifications<\/h3><\/div> <!-- header --><\/div> <!-- aio-icon-box --><\/a><\/div> <!-- aio-icon-component -->[vc_empty_space height=&#8221;20px&#8221;][\/vc_column_inner][vc_column_inner width=&#8221;1\/6&#8243;]<div class=\"aio-icon-component   align-icontop-center style_2\"><a class=\"aio-icon-box-link\" href=\"https:\/\/www.jgingenieros.es\/commissioning\/\" ><div id=\"Info-box-wrap-7483\" class=\"aio-icon-box top-icon\" style=\"\"  ><div class=\"aio-icon-top\"><div class=\"ult-just-icon-wrapper  \"><div class=\"align-icon\" style=\"text-align:center;\">\n<div class=\"aio-icon-img \" style=\"font-size:60px;display:inline-block;\" >\n\t<img decoding=\"async\" class=\"img-icon\" alt=\"null\" src=\"https:\/\/www.jgingenieros.es\/wp-content\/uploads\/2024\/02\/Commissioning_icon.png\"\/>\n<\/div><\/div><\/div><\/div><div class=\"aio-icon-header\" ><h3 class=\"aio-icon-title ult-responsive\"  data-ultimate-target='#Info-box-wrap-7483 .aio-icon-title'  data-responsive-json-new='{\"font-size\":\"desktop:17px;\",\"line-height\":\"\"}'  style=\"font-family:&#039;Lato&#039;;font-weight:700;color:#000000;\">Commissioning<\/h3><\/div> <!-- header --><\/div> <!-- aio-icon-box --><\/a><\/div> <!-- aio-icon-component -->[vc_empty_space height=&#8221;20px&#8221;][\/vc_column_inner][vc_column_inner width=&#8221;1\/6&#8243;]<div class=\"aio-icon-component   align-icontop-center style_2\"><a class=\"aio-icon-box-link\" href=\"https:\/\/www.jgingenieros.es\/energia\/\" ><div id=\"Info-box-wrap-2761\" class=\"aio-icon-box top-icon\" style=\"\"  ><div class=\"aio-icon-top\"><div class=\"ult-just-icon-wrapper  \"><div class=\"align-icon\" style=\"text-align:center;\">\n<div class=\"aio-icon-img \" style=\"font-size:60px;display:inline-block;\" >\n\t<img decoding=\"async\" class=\"img-icon\" alt=\"null\" src=\"https:\/\/www.jgingenieros.es\/wp-content\/uploads\/2024\/02\/solar-panels.png\"\/>\n<\/div><\/div><\/div><\/div><div class=\"aio-icon-header\" ><h3 class=\"aio-icon-title ult-responsive\"  data-ultimate-target='#Info-box-wrap-2761 .aio-icon-title'  data-responsive-json-new='{\"font-size\":\"desktop:17px;\",\"line-height\":\"\"}'  style=\"font-family:&#039;Lato&#039;;font-weight:700;color:#000000;\">Energy &amp; NZEB<\/h3><\/div> <!-- header --><\/div> <!-- aio-icon-box --><\/a><\/div> <!-- aio-icon-component -->[vc_empty_space height=&#8221;20px&#8221;][\/vc_column_inner][vc_column_inner width=&#8221;1\/6&#8243;]<div class=\"aio-icon-component   align-icontop-center style_2\"><a class=\"aio-icon-box-link\" href=\"https:\/\/www.jgingenieros.es\/esg-descarbonizacion\/\" ><div id=\"Info-box-wrap-5037\" class=\"aio-icon-box top-icon\" style=\"\"  ><div class=\"aio-icon-top\"><div class=\"ult-just-icon-wrapper  \"><div class=\"align-icon\" style=\"text-align:center;\">\n<div class=\"aio-icon-img \" style=\"font-size:60px;display:inline-block;\" >\n\t<img decoding=\"async\" class=\"img-icon\" alt=\"null\" src=\"https:\/\/www.jgingenieros.es\/wp-content\/uploads\/2024\/02\/co2-2.png\"\/>\n<\/div><\/div><\/div><\/div><div class=\"aio-icon-header\" ><h3 class=\"aio-icon-title ult-responsive\"  data-ultimate-target='#Info-box-wrap-5037 .aio-icon-title'  data-responsive-json-new='{\"font-size\":\"desktop:17px;\",\"line-height\":\"\"}'  style=\"font-family:&#039;Lato&#039;;font-weight:700;color:#000000;\">ESG &amp; Decarbonization<\/h3><\/div> <!-- header --><\/div> <!-- aio-icon-box --><\/a><\/div> <!-- aio-icon-component -->[vc_empty_space height=&#8221;20px&#8221;][\/vc_column_inner][vc_column_inner width=&#8221;1\/6&#8243;]<div class=\"aio-icon-component   align-icontop-center style_2\"><a class=\"aio-icon-box-link\" href=\"https:\/\/www.jgingenieros.es\/facility-asset-management\/\" ><div id=\"Info-box-wrap-5347\" class=\"aio-icon-box top-icon\" style=\"\"  ><div class=\"aio-icon-top\"><div class=\"ult-just-icon-wrapper  \"><div class=\"align-icon\" style=\"text-align:center;\">\n<div class=\"aio-icon-img \" style=\"font-size:60px;display:inline-block;\" >\n\t<img decoding=\"async\" class=\"img-icon\" alt=\"null\" src=\"https:\/\/www.jgingenieros.es\/wp-content\/uploads\/2024\/02\/office-block.png\"\/>\n<\/div><\/div><\/div><\/div><div class=\"aio-icon-header\" ><h3 class=\"aio-icon-title ult-responsive\"  data-ultimate-target='#Info-box-wrap-5347 .aio-icon-title'  data-responsive-json-new='{\"font-size\":\"desktop:17px;\",\"line-height\":\"\"}'  style=\"font-family:&#039;Lato&#039;;font-weight:700;color:#000000;\">Facility &amp; Asset Management<\/h3><\/div> <!-- header --><\/div> <!-- aio-icon-box --><\/a><\/div> <!-- aio-icon-component -->[vc_empty_space height=&#8221;20px&#8221;][\/vc_column_inner][vc_column_inner width=&#8221;1\/6&#8243;]<div class=\"aio-icon-component   align-icontop-center style_2\"><a class=\"aio-icon-box-link\" href=\"https:\/\/www.jgingenieros.es\/smart-building\/\" ><div id=\"Info-box-wrap-9439\" class=\"aio-icon-box top-icon\" style=\"\"  ><div class=\"aio-icon-top\"><div class=\"ult-just-icon-wrapper  \"><div class=\"align-icon\" style=\"text-align:center;\">\n<div class=\"aio-icon-img \" style=\"font-size:60px;display:inline-block;\" >\n\t<img decoding=\"async\" class=\"img-icon\" alt=\"null\" src=\"https:\/\/www.jgingenieros.es\/wp-content\/uploads\/2024\/02\/Smart-Building_icon.png\"\/>\n<\/div><\/div><\/div><\/div><div class=\"aio-icon-header\" ><h3 class=\"aio-icon-title ult-responsive\"  data-ultimate-target='#Info-box-wrap-9439 .aio-icon-title'  data-responsive-json-new='{\"font-size\":\"desktop:17px;\",\"line-height\":\"\"}'  style=\"font-family:&#039;Lato&#039;;font-weight:700;color:#000000;\">Smart Building<\/h3><\/div> <!-- header --><\/div> <!-- aio-icon-box --><\/a><\/div> <!-- aio-icon-component -->[vc_empty_space height=&#8221;20px&#8221;][\/vc_column_inner][\/vc_row_inner]<div class=\"ult-spacer spacer-69f48f435edc6\" data-id=\"69f48f435edc6\" data-height=\"60\" data-height-mobile=\"20\" data-height-tab=\"\" data-height-tab-portrait=\"40\" data-height-mobile-landscape=\"20\" style=\"clear:both;display:block;\"><\/div>[\/vc_column][\/vc_row][vc_row full_width=&#8221;stretch_row_content&#8221; css_animation=&#8221;fadeInDown&#8221; css=&#8221;.vc_custom_1654692741693{padding-top: 40px !important;padding-bottom: 60px !important;}&#8221; el_class=&#8221;absolute-element&#8221;][vc_column el_id=&#8221;hospitales&#8221;]<div class=\"ult-spacer spacer-69f48f435eddc\" data-id=\"69f48f435eddc\" data-height=\"40\" data-height-mobile=\"20\" data-height-tab=\"\" data-height-tab-portrait=\"20\" data-height-mobile-landscape=\"20\" style=\"clear:both;display:block;\"><\/div><div id=\"ultimate-heading-847969f48f435edf3\" class=\"uvc-heading ult-adjust-bottom-margin ultimate-heading-847969f48f435edf3 uvc-3474 \" data-hspacer=\"line_only\"  data-halign=\"center\" style=\"text-align:center\"><div class=\"uvc-heading-spacer line_only\" style=\"topheight:80px;\"><span class=\"uvc-headings-line\" style=\"border-style:solid;border-bottom-width:80px;border-color:#0a0a0a;width:1px;\"><\/span><\/div><\/div>[\/vc_column][\/vc_row][\/vc_section][vc_row css_animation=&#8221;fadeInUp&#8221;][vc_column]<div class=\"ult-spacer spacer-69f48f435ee0d\" data-id=\"69f48f435ee0d\" data-height=\"60\" data-height-mobile=\"60\" data-height-tab=\"60\" data-height-tab-portrait=\"60\" data-height-mobile-landscape=\"60\" style=\"clear:both;display:block;\"><\/div>[vc_row_inner][vc_column_inner width=&#8221;1\/2&#8243;][vc_single_image image=&#8221;8532&#8243; img_size=&#8221;full&#8221; alignment=&#8221;center&#8221; onclick=&#8221;link_image&#8221;]<div class=\"ult-spacer spacer-69f48f435ee1f\" data-id=\"69f48f435ee1f\" data-height=\"0\" data-height-mobile=\"40\" data-height-tab=\"\" data-height-tab-portrait=\"40\" data-height-mobile-landscape=\"40\" style=\"clear:both;display:block;\"><\/div>[\/vc_column_inner][vc_column_inner width=&#8221;1\/2&#8243;][vc_custom_heading text=&#8221;Clients who trust us&#8221; font_container=&#8221;tag:h3|text_align:left|color:%23002f87&#8243; use_theme_fonts=&#8221;yes&#8221;][vc_column_text]We are proud to have collaborated with a wide range of leading clients in various sectors. Companies such as <strong>Amazon, Montepino, Mutua Madrile\u00f1a, Simon<\/strong> and <strong>GMP<\/strong> have trusted our services to guide them throughout the construction process.<\/p>\n<p>Our experience has allowed us to satisfy the growing demands of our clients, offering innovative solutions that optimize energy resources, reduce costs and guarantee success at each stage of the development of their projects.[\/vc_column_text][\/vc_column_inner][\/vc_row_inner]<div class=\"ult-spacer spacer-69f48f435ee31\" data-id=\"69f48f435ee31\" data-height=\"80\" data-height-mobile=\"40\" data-height-tab=\"\" data-height-tab-portrait=\"40\" data-height-mobile-landscape=\"40\" style=\"clear:both;display:block;\"><\/div>[\/vc_column][\/vc_row][vc_row bg_type=&#8221;bg_color&#8221; bg_override=&#8221;ex-full&#8221; bg_color_value=&#8221;rgba(0,0,0,0.06)&#8221; css=&#8221;.vc_custom_1654609239058{padding-top: 80px !important;padding-bottom: 80px !important;}&#8221;][vc_column css_animation=&#8221;fadeInUp&#8221;][vc_custom_heading text=&#8221;Our projects&#8221; font_container=&#8221;tag:h4|text_align:left&#8221; use_theme_fonts=&#8221;yes&#8221;][vc_empty_space height=&#8221;20px&#8221;]<div id=\"ult-carousel-292003392269f48f435eee1\" class=\"ult-carousel-wrapper  vc_custom_1759826373466  ult_horizontal\" data-gutter=\"15\" data-rtl=\"false\" ><div class=\"ult-carousel-255811843769f48f435ee6d \" >[vc_basic_grid post_type=&#8221;ids&#8221; style=&#8221;pagination&#8221; items_per_page=&#8221;1&#8243; element_width=&#8221;12&#8243; arrows_design=&#8221;vc_arrow-icon-arrow_09_left&#8221; arrows_position=&#8221;outside&#8221; arrows_color=&#8221;black&#8221; paging_design=&#8221;none&#8221; item=&#8221;2381&#8243; initial_loading_animation=&#8221;none&#8221; grid_id=&#8221;vc_gid:1759826326355-e8401a52-cfd4-0&#8243; include=&#8221;1407&#8243;][vc_basic_grid post_type=&#8221;ids&#8221; style=&#8221;pagination&#8221; items_per_page=&#8221;1&#8243; element_width=&#8221;12&#8243; arrows_design=&#8221;vc_arrow-icon-arrow_09_left&#8221; arrows_position=&#8221;outside&#8221; arrows_color=&#8221;black&#8221; paging_design=&#8221;none&#8221; item=&#8221;2381&#8243; initial_loading_animation=&#8221;none&#8221; grid_id=&#8221;vc_gid:1759826326356-281714cd-8e44-8&#8243; include=&#8221;1402&#8243;][vc_basic_grid post_type=&#8221;ids&#8221; style=&#8221;pagination&#8221; items_per_page=&#8221;1&#8243; element_width=&#8221;12&#8243; arrows_design=&#8221;vc_arrow-icon-arrow_09_left&#8221; arrows_position=&#8221;outside&#8221; arrows_color=&#8221;black&#8221; paging_design=&#8221;none&#8221; item=&#8221;2381&#8243; initial_loading_animation=&#8221;none&#8221; grid_id=&#8221;vc_gid:1759826326357-65c4a5f6-6197-4&#8243; include=&#8221;1399&#8243;]<\/div><\/div>\t\t\t<script type=\"text\/javascript\">\n\t\t\t\tjQuery(document).ready(function ($) {\n\t\t\t\t\tif( typeof jQuery('.ult-carousel-255811843769f48f435ee6d').slick == \"function\"){\n\t\t\t\t\t\t$('.ult-carousel-255811843769f48f435ee6d').slick({dots: false,autoplaySpeed: \"5000\",speed: \"300\",infinite: false,arrows: false,slidesToScroll:3,slidesToShow:3,swipe: true,draggable: true,touchMove: true,pauseOnHover: true,pauseOnFocus: false,responsive: [\n\t\t\t\t\t\t\t{\n\t\t\t\t\t\t\t  breakpoint: 1026,\n\t\t\t\t\t\t\t  settings: {\n\t\t\t\t\t\t\t\tslidesToShow: 3,\n\t\t\t\t\t\t\t\tslidesToScroll: 3,  \n\t\t\t\t\t\t\t  }\n\t\t\t\t\t\t\t},\n\t\t\t\t\t\t\t{\n\t\t\t\t\t\t\t  breakpoint: 1025,\n\t\t\t\t\t\t\t  settings: {\n\t\t\t\t\t\t\t\tslidesToShow: 2,\n\t\t\t\t\t\t\t\tslidesToScroll: 2\n\t\t\t\t\t\t\t  }\n\t\t\t\t\t\t\t},\n\t\t\t\t\t\t\t{\n\t\t\t\t\t\t\t  breakpoint: 760,\n\t\t\t\t\t\t\t  settings: {\n\t\t\t\t\t\t\t\tslidesToShow: 1,\n\t\t\t\t\t\t\t\tslidesToScroll: 1\n\t\t\t\t\t\t\t  }\n\t\t\t\t\t\t\t}\n\t\t\t\t\t\t],pauseOnDotsHover: true,customPaging: function(slider, i) {\n                   return '<i type=\"button\" style= \"color:#333333;\" class=\"ultsl-record\" data-role=\"none\"><\/i>';\n                },});\n\t\t\t\t\t}\n\t\t\t\t});\n\t\t\t<\/script>\n\t\t\t[\/vc_column][\/vc_row][vc_row full_width=&#8221;stretch_row_content&#8221; css_animation=&#8221;fadeInDown&#8221; css=&#8221;.vc_custom_1617638129899{padding-top: 60px !important;}&#8221; el_class=&#8221;absolute-element&#8221;][vc_column]<div id=\"ultimate-heading-472369f48f435ef0a\" class=\"uvc-heading ult-adjust-bottom-margin ultimate-heading-472369f48f435ef0a uvc-3962 \" data-hspacer=\"line_only\"  data-halign=\"center\" style=\"text-align:center\"><div class=\"uvc-heading-spacer line_only\" style=\"topheight:80px;\"><span class=\"uvc-headings-line\" style=\"border-style:solid;border-bottom-width:80px;border-color:#0a0a0a;width:1px;\"><\/span><\/div><\/div>[\/vc_column][\/vc_row][vc_row bg_type=&#8221;bg_color&#8221; bg_override=&#8221;ex-full&#8221; css=&#8221;.vc_custom_1585822486720{padding-top: 80px !important;padding-bottom: 80px !important;}&#8221; bg_color_value=&#8221;#ffffff&#8221;][vc_column][vc_custom_heading text=&#8221;Let&apos;s work together!&#8221; font_container=&#8221;tag:h3|text_align:center|line_height:1.3em&#8221; use_theme_fonts=&#8221;yes&#8221;][vc_custom_heading text=&#8221;Our projects are unique and innovative.&#8221; font_container=&#8221;tag:p|font_size:20px|text_align:center&#8221; use_theme_fonts=&#8221;yes&#8221;][vc_btn title=&#8221;CONTACT US&#8221; style=&#8221;outline-custom&#8221; outline_custom_color=&#8221;#212121&#8243; outline_custom_hover_background=&#8221;#212121&#8243; outline_custom_hover_text=&#8221;#ffffff&#8221; shape=&#8221;square&#8221; size=&#8221;sm&#8221; align=&#8221;center&#8221; css_animation=&#8221;bottom-to-top&#8221; link=&#8221;url:http%3A%2F%2Fwww.jgingenieros.es%2Fcontacto%2F|title:Contact|&#8221;][\/vc_column][\/vc_row]<\/p>\n<\/div>","protected":false},"excerpt":{"rendered":"<p>[vc_row bg_type=&#8221;image&#8221; parallax_style=&#8221;vcpb-default&#8221; bg_image_new=&#8221;id^3063|url^https:\/\/www.jgingenieros.es\/wp-content\/uploads\/2021\/05\/Consultoria_Edificacion.jpg|caption^JG Ingenieros, especializado en ingenier\u00eda de la edificaci\u00f3n.|alt^null|title^Consultor\u00eda Edificaci\u00f3n|description^null&#8221; bg_image_repeat=&#8221;no-repeat&#8221; bg_override=&#8221;ex-full&#8221; enable_overlay=&#8221;enable_overlay_value&#8221; overlay_color=&#8221;rgba(0,0,0,0.5)&#8221; css=&#8221;.vc_custom_1708518283437{padding-top: 200px !important;padding-bottom: 50px !important;}&#8221; el_class=&#8221;align-center-mobile&#8221;][vc_column css_animation=&#8221;fadeInUp&#8221;][vc_custom_heading text=&#8221;Consulting Area&#8221; font_container=&#8221;tag:h1|text_align:center|color:%23ffffff&#8221; use_theme_fonts=&#8221;yes&#8221;][\/vc_column][\/vc_row][vc_row full_width=&#8221;stretch_row_content&#8221; css_animation=&#8221;fadeInDown&#8221; css=&#8221;.vc_custom_1617638106980{padding-top: 60px !important;padding-bottom: 60px !important;}&#8221; el_class=&#8221;absolute-element&#8221;][vc_column][\/vc_column][\/vc_row][vc_section css_animation=&#8221;fadeInUp&#8221;][vc_row css_animation=&#8221;none&#8221;][vc_column width=&#8221;1\/6&#8243;][\/vc_column][vc_column width=&#8221;2\/3&#8243;][vc_column_text]The process of conceptualization, definition, execution and operation of a building is complex. It faces growing user [&hellip;]<\/p>\n","protected":false},"author":3,"featured_media":4559,"parent":0,"menu_order":0,"comment_status":"closed","ping_status":"closed","template":"page.php","meta":{"_acf_changed":false,"footnotes":""},"class_list":["post-7571","page","type-page","status-publish","has-post-thumbnail","hentry"],"acf":[],"_links":{"self":[{"href":"https:\/\/www.jgingenieros.es\/en\/wp-json\/wp\/v2\/pages\/7571","targetHints":{"allow":["GET"]}}],"collection":[{"href":"https:\/\/www.jgingenieros.es\/en\/wp-json\/wp\/v2\/pages"}],"about":[{"href":"https:\/\/www.jgingenieros.es\/en\/wp-json\/wp\/v2\/types\/page"}],"author":[{"embeddable":true,"href":"https:\/\/www.jgingenieros.es\/en\/wp-json\/wp\/v2\/users\/3"}],"replies":[{"embeddable":true,"href":"https:\/\/www.jgingenieros.es\/en\/wp-json\/wp\/v2\/comments?post=7571"}],"version-history":[{"count":34,"href":"https:\/\/www.jgingenieros.es\/en\/wp-json\/wp\/v2\/pages\/7571\/revisions"}],"predecessor-version":[{"id":9849,"href":"https:\/\/www.jgingenieros.es\/en\/wp-json\/wp\/v2\/pages\/7571\/revisions\/9849"}],"wp:featuredmedia":[{"embeddable":true,"href":"https:\/\/www.jgingenieros.es\/en\/wp-json\/wp\/v2\/media\/4559"}],"wp:attachment":[{"href":"https:\/\/www.jgingenieros.es\/en\/wp-json\/wp\/v2\/media?parent=7571"}],"curies":[{"name":"wp","href":"https:\/\/api.w.org\/{rel}","templated":true}]}}